{"id":3871,"date":"2026-04-13T11:14:28","date_gmt":"2026-04-13T09:14:28","guid":{"rendered":"https:\/\/tamara.aplikacije.hr\/?post_type=product&#038;p=3871"},"modified":"2026-04-24T15:08:49","modified_gmt":"2026-04-24T13:08:49","slug":"max-paket","status":"publish","type":"product","link":"https:\/\/tamara.aplikacije.hr\/hr\/proizvod\/max-paket\/","title":{"rendered":"MAX paket za sigurnu komunikaciju"},"content":{"rendered":"<p>U\u010di\u0161 kroz strukturirane lekcije i stvarne situacije iz njege \u2013 tako da zna\u0161 \u0161to re\u0107i kad je najva\u017enije.<\/p>\n<p>Ovaj paket sadr\u017ei<span style=\"color: #7673ff;\"><em><strong> sve \u0161to treba\u0161 za siguran po\u010detak rada u Njema\u010dkoj<\/strong><\/em> <\/span>i komunikaciju do razine A2+.<\/p>\n<ol>\n<li><strong>PDF (A1\u2013A2+)<\/strong> \u2013 20 lekcija s klju\u010dnim vokabularom za po\u010detak rada u njezi, bez ilustracija \u2013 idealno za print i vlastite bilje\u0161ke. Isprintaj i imaj uvijek pri ruci za brzu primjenu.<\/li>\n<li><strong>Temelj: Online te\u010daj A1\u2013A2+ uz slike<\/strong> \u2013 vizualno u\u010denje koje olak\u0161ava razumijevanje i pam\u0107enje<\/li>\n<li><strong>Sigurna komunikacija: Online te\u010daj A1\u2013A2+ uz dijaloge<\/strong> \u2013 20 stvarnih situacija s izvornim govornicima za sigurniju komunikaciju<\/li>\n<li><strong>Konzultacije i podr\u0161ka mentora<\/strong> \u2013 u\u010di\u0161 uz vodstvo kroz cijele godine i mo\u017ee\u0161 postaviti pitanja kad god zapne\u0161<\/li>\n<\/ol>\n<p>&nbsp;<\/p>\n<p>Ovo je paket za tebe ako \u017eeli\u0161 prestati \u201cpoga\u0111ati\u201d u komunikaciji i po\u010deti stvarno razumjeti i reagirati sigurno u svakodnevnim situacijama.<\/p>\n<p><strong>Za sigurnog njegovatelja i zadovoljnog, shva\u0107enog seniora.<\/strong><\/p>","protected":false},"excerpt":{"rendered":"<p>Za one koji \u017eele najbr\u017ei napredak i potpunu sigurnost u komunikaciji.<\/p>","protected":false},"featured_media":1679,"comment_status":"open","ping_status":"closed","template":"","meta":{"_acf_changed":false},"product_brand":[],"product_cat":[34],"product_tag":[],"class_list":{"0":"post-3871","1":"product","2":"type-product","3":"status-publish","4":"has-post-thumbnail","6":"product_cat-produkte","8":"first","9":"instock","10":"sale","11":"downloadable","12":"virtual","13":"purchasable","14":"product-type-simple"},"acf":[],"_links":{"self":[{"href":"https:\/\/tamara.aplikacije.hr\/hr\/wp-json\/wp\/v2\/product\/3871","targetHints":{"allow":["GET"]}}],"collection":[{"href":"https:\/\/tamara.aplikacije.hr\/hr\/wp-json\/wp\/v2\/product"}],"about":[{"href":"https:\/\/tamara.aplikacije.hr\/hr\/wp-json\/wp\/v2\/types\/product"}],"replies":[{"embeddable":true,"href":"https:\/\/tamara.aplikacije.hr\/hr\/wp-json\/wp\/v2\/comments?post=3871"}],"wp:featuredmedia":[{"embeddable":true,"href":"https:\/\/tamara.aplikacije.hr\/hr\/wp-json\/wp\/v2\/media\/1679"}],"wp:attachment":[{"href":"https:\/\/tamara.aplikacije.hr\/hr\/wp-json\/wp\/v2\/media?parent=3871"}],"wp:term":[{"taxonomy":"product_brand","embeddable":true,"href":"https:\/\/tamara.aplikacije.hr\/hr\/wp-json\/wp\/v2\/product_brand?post=3871"},{"taxonomy":"product_cat","embeddable":true,"href":"https:\/\/tamara.aplikacije.hr\/hr\/wp-json\/wp\/v2\/product_cat?post=3871"},{"taxonomy":"product_tag","embeddable":true,"href":"https:\/\/tamara.aplikacije.hr\/hr\/wp-json\/wp\/v2\/product_tag?post=3871"}],"curies":[{"name":"wp","href":"https:\/\/api.w.org\/{rel}","templated":true}]}}