{"id":3870,"date":"2026-04-13T11:11:24","date_gmt":"2026-04-13T09:11:24","guid":{"rendered":"https:\/\/tamara.aplikacije.hr\/?post_type=product&#038;p=3870"},"modified":"2026-04-24T15:10:18","modified_gmt":"2026-04-24T13:10:18","slug":"pdf-lektionen-modul-2-10-lektionen","status":"publish","type":"product","link":"https:\/\/tamara.aplikacije.hr\/hr\/proizvod\/pdf-lektionen-modul-2-10-lektionen\/","title":{"rendered":"PDF-lekcije Sigurna komunikacija"},"content":{"rendered":"<p><strong>PDF (A1\u2013A2+) \u2013 lekcije 11\u201320<\/strong> s dodatnim vokabularom i konkretnim situacijama iz prakse \u2013 za sigurniju i samostalniju komunikaciju. Bez ilustracija \u2013 idealno za print i vlastite bilje\u0161ke. Isprintaj i imaj uvijek pri ruci za brzu primjenu.<\/p>\n<p>Uz to sudjeluj godinu dana na na\u0161im konzultacijama prema rasporedu na web stranici i pitaj sve \u0161to ti nije jasno!<\/p>\n<p>Za one koji <strong><span style=\"color: #7673ff;\"><em>\u017eele vi\u0161e sigurnosti u stvarnom radu<\/em><\/span><\/strong>.<\/p>","protected":false},"excerpt":{"rendered":"<p>Logi\u010dan nastavak koji ti daje vi\u0161e sigurnosti i \u0161iri vokabular za svakodnevne situacije u njezi.<\/p>","protected":false},"featured_media":1679,"comment_status":"open","ping_status":"closed","template":"","meta":{"_acf_changed":false},"product_brand":[],"product_cat":[34],"product_tag":[],"class_list":{"0":"post-3870","1":"product","2":"type-product","3":"status-publish","4":"has-post-thumbnail","6":"product_cat-produkte","8":"first","9":"instock","10":"downloadable","11":"virtual","12":"purchasable","13":"product-type-simple"},"acf":[],"_links":{"self":[{"href":"https:\/\/tamara.aplikacije.hr\/hr\/wp-json\/wp\/v2\/product\/3870","targetHints":{"allow":["GET"]}}],"collection":[{"href":"https:\/\/tamara.aplikacije.hr\/hr\/wp-json\/wp\/v2\/product"}],"about":[{"href":"https:\/\/tamara.aplikacije.hr\/hr\/wp-json\/wp\/v2\/types\/product"}],"replies":[{"embeddable":true,"href":"https:\/\/tamara.aplikacije.hr\/hr\/wp-json\/wp\/v2\/comments?post=3870"}],"wp:featuredmedia":[{"embeddable":true,"href":"https:\/\/tamara.aplikacije.hr\/hr\/wp-json\/wp\/v2\/media\/1679"}],"wp:attachment":[{"href":"https:\/\/tamara.aplikacije.hr\/hr\/wp-json\/wp\/v2\/media?parent=3870"}],"wp:term":[{"taxonomy":"product_brand","embeddable":true,"href":"https:\/\/tamara.aplikacije.hr\/hr\/wp-json\/wp\/v2\/product_brand?post=3870"},{"taxonomy":"product_cat","embeddable":true,"href":"https:\/\/tamara.aplikacije.hr\/hr\/wp-json\/wp\/v2\/product_cat?post=3870"},{"taxonomy":"product_tag","embeddable":true,"href":"https:\/\/tamara.aplikacije.hr\/hr\/wp-json\/wp\/v2\/product_tag?post=3870"}],"curies":[{"name":"wp","href":"https:\/\/api.w.org\/{rel}","templated":true}]}}